{"id":18,"date":"2024-01-25T14:19:03","date_gmt":"2024-01-25T13:19:03","guid":{"rendered":"https:\/\/viguier.cloud\/\/?page_id=18"},"modified":"2025-03-05T14:52:05","modified_gmt":"2025-03-05T13:52:05","slug":"index-egalite-professionnelle","status":"publish","type":"page","link":"https:\/\/viguier.com\/fr\/agence\/index-egalite-professionnelle\/","title":{"rendered":"Index de l&rsquo;\u00e9galit\u00e9 professionnelle"},"content":{"rendered":"\n<div style=\"height:4rem\" aria-hidden=\"true\" class=\"wp-block-spacer\"><\/div>\n\n\n\n  \n<div class=\" bloc-rows  block-rows-block_5cdb3571d8deae9bbc2656bf5b20b608 \">\n  \n\n            <div class=\"row no-gap row-text-on-2-columns\">\n                <div class=\"col-xs-12 col-md-6\">\n                <\/div>\n                <div class=\"col-xs-12 col-md-6\">\n                    <div class=\"txt\">\n                        <h4>Pour l&rsquo;ann\u00e9e 2025 au titre des donn\u00e9es 2024<\/h4>\n<p>Indicateur relatif \u00e0 l&rsquo;\u00e9cart de r\u00e9mun\u00e9ration \u2014 <strong>29\/40<\/strong><br \/>\nIndicateur relatif \u00e0 l&rsquo;\u00e9cart de taux d&rsquo;augmentations individuelles \u2014 <strong>35\/35<\/strong><br \/>\nIndicateur relatif aux augmentation de retour de cong\u00e9 Maternit\u00e9 \u2014 <strong>15\/15<\/strong><br \/>\nIndicateur relatif au sexe sous-repr\u00e9sent\u00e9 parmi les plus hautes r\u00e9mun\u00e9rations \u2014 <strong>5\/10<\/strong><br \/>\nTotal de points obtenus \u2014 <strong>84\/100<\/strong><\/p>\n                    <\/div>\n                <\/div>\n            <\/div>\n               \n<\/div>\n\n","protected":false},"excerpt":{"rendered":"","protected":false},"author":1,"featured_media":0,"parent":130,"menu_order":16,"comment_status":"closed","ping_status":"closed","template":"","meta":{"_acf_changed":false,"footnotes":""},"class_list":["post-18","page","type-page","status-publish","hentry"],"acf":[],"yoast_head":"<!-- This site is optimized with the Yoast SEO plugin v27.3 - https:\/\/yoast.com\/product\/yoast-seo-wordpress\/ -->\n<title>Index de l&#039;\u00e9galit\u00e9 professionnelle - VIGUIER<\/title>\n<meta name=\"robots\" content=\"index, follow, max-snippet:-1, max-image-preview:large, max-video-preview:-1\" \/>\n<link rel=\"canonical\" href=\"https:\/\/viguier.com\/fr\/agence\/index-egalite-professionnelle\/\" \/>\n<meta property=\"og:locale\" content=\"fr_FR\" \/>\n<meta property=\"og:type\" content=\"article\" \/>\n<meta property=\"og:title\" content=\"Index de l&#039;\u00e9galit\u00e9 professionnelle - VIGUIER\" \/>\n<meta property=\"og:url\" content=\"https:\/\/viguier.com\/fr\/agence\/index-egalite-professionnelle\/\" \/>\n<meta property=\"og:site_name\" content=\"VIGUIER\" \/>\n<meta property=\"article:modified_time\" content=\"2025-03-05T13:52:05+00:00\" \/>\n<meta property=\"og:image\" content=\"https:\/\/viguier.com\/wp-content\/uploads\/2024\/05\/seo_viguier.jpg\" \/>\n\t<meta property=\"og:image:width\" content=\"1200\" \/>\n\t<meta property=\"og:image:height\" content=\"675\" \/>\n\t<meta property=\"og:image:type\" content=\"image\/jpeg\" \/>\n<meta name=\"twitter:card\" content=\"summary_large_image\" \/>\n<script type=\"application\/ld+json\" class=\"yoast-schema-graph\">{\"@context\":\"https:\\\/\\\/schema.org\",\"@graph\":[{\"@type\":\"WebPage\",\"@id\":\"https:\\\/\\\/viguier.com\\\/fr\\\/agence\\\/index-egalite-professionnelle\\\/\",\"url\":\"https:\\\/\\\/viguier.com\\\/fr\\\/agence\\\/index-egalite-professionnelle\\\/\",\"name\":\"Index de l'\u00e9galit\u00e9 professionnelle - VIGUIER\",\"isPartOf\":{\"@id\":\"https:\\\/\\\/viguier.com\\\/fr\\\/#website\"},\"datePublished\":\"2024-01-25T13:19:03+00:00\",\"dateModified\":\"2025-03-05T13:52:05+00:00\",\"breadcrumb\":{\"@id\":\"https:\\\/\\\/viguier.com\\\/fr\\\/agence\\\/index-egalite-professionnelle\\\/#breadcrumb\"},\"inLanguage\":\"fr-FR\",\"potentialAction\":[{\"@type\":\"ReadAction\",\"target\":[\"https:\\\/\\\/viguier.com\\\/fr\\\/agence\\\/index-egalite-professionnelle\\\/\"]}]},{\"@type\":\"BreadcrumbList\",\"@id\":\"https:\\\/\\\/viguier.com\\\/fr\\\/agence\\\/index-egalite-professionnelle\\\/#breadcrumb\",\"itemListElement\":[{\"@type\":\"ListItem\",\"position\":1,\"name\":\"Accueil\",\"item\":\"https:\\\/\\\/viguier.com\\\/fr\\\/\"},{\"@type\":\"ListItem\",\"position\":2,\"name\":\"Agence\",\"item\":\"https:\\\/\\\/viguier.com\\\/fr\\\/agence\\\/\"},{\"@type\":\"ListItem\",\"position\":3,\"name\":\"Index de l&rsquo;\u00e9galit\u00e9 professionnelle\"}]},{\"@type\":\"WebSite\",\"@id\":\"https:\\\/\\\/viguier.com\\\/fr\\\/#website\",\"url\":\"https:\\\/\\\/viguier.com\\\/fr\\\/\",\"name\":\"Viguier\",\"description\":\"Architecture, urbanisme, paysage\",\"alternateName\":\"Viguier\",\"potentialAction\":[{\"@type\":\"SearchAction\",\"target\":{\"@type\":\"EntryPoint\",\"urlTemplate\":\"https:\\\/\\\/viguier.com\\\/fr\\\/?s={search_term_string}\"},\"query-input\":{\"@type\":\"PropertyValueSpecification\",\"valueRequired\":true,\"valueName\":\"search_term_string\"}}],\"inLanguage\":\"fr-FR\"}]}<\/script>\n<!-- \/ Yoast SEO plugin. -->","yoast_head_json":{"title":"Index de l'\u00e9galit\u00e9 professionnelle - VIGUIER","robots":{"index":"index","follow":"follow","max-snippet":"max-snippet:-1","max-image-preview":"max-image-preview:large","max-video-preview":"max-video-preview:-1"},"canonical":"https:\/\/viguier.com\/fr\/agence\/index-egalite-professionnelle\/","og_locale":"fr_FR","og_type":"article","og_title":"Index de l'\u00e9galit\u00e9 professionnelle - VIGUIER","og_url":"https:\/\/viguier.com\/fr\/agence\/index-egalite-professionnelle\/","og_site_name":"VIGUIER","article_modified_time":"2025-03-05T13:52:05+00:00","og_image":[{"width":1200,"height":675,"url":"https:\/\/viguier.com\/wp-content\/uploads\/2024\/05\/seo_viguier.jpg","type":"image\/jpeg"}],"twitter_card":"summary_large_image","schema":{"@context":"https:\/\/schema.org","@graph":[{"@type":"WebPage","@id":"https:\/\/viguier.com\/fr\/agence\/index-egalite-professionnelle\/","url":"https:\/\/viguier.com\/fr\/agence\/index-egalite-professionnelle\/","name":"Index de l'\u00e9galit\u00e9 professionnelle - VIGUIER","isPartOf":{"@id":"https:\/\/viguier.com\/fr\/#website"},"datePublished":"2024-01-25T13:19:03+00:00","dateModified":"2025-03-05T13:52:05+00:00","breadcrumb":{"@id":"https:\/\/viguier.com\/fr\/agence\/index-egalite-professionnelle\/#breadcrumb"},"inLanguage":"fr-FR","potentialAction":[{"@type":"ReadAction","target":["https:\/\/viguier.com\/fr\/agence\/index-egalite-professionnelle\/"]}]},{"@type":"BreadcrumbList","@id":"https:\/\/viguier.com\/fr\/agence\/index-egalite-professionnelle\/#breadcrumb","itemListElement":[{"@type":"ListItem","position":1,"name":"Accueil","item":"https:\/\/viguier.com\/fr\/"},{"@type":"ListItem","position":2,"name":"Agence","item":"https:\/\/viguier.com\/fr\/agence\/"},{"@type":"ListItem","position":3,"name":"Index de l&rsquo;\u00e9galit\u00e9 professionnelle"}]},{"@type":"WebSite","@id":"https:\/\/viguier.com\/fr\/#website","url":"https:\/\/viguier.com\/fr\/","name":"Viguier","description":"Architecture, urbanisme, paysage","alternateName":"Viguier","potentialAction":[{"@type":"SearchAction","target":{"@type":"EntryPoint","urlTemplate":"https:\/\/viguier.com\/fr\/?s={search_term_string}"},"query-input":{"@type":"PropertyValueSpecification","valueRequired":true,"valueName":"search_term_string"}}],"inLanguage":"fr-FR"}]}},"_links":{"self":[{"href":"https:\/\/viguier.com\/fr\/wp-json\/wp\/v2\/pages\/18","targetHints":{"allow":["GET"]}}],"collection":[{"href":"https:\/\/viguier.com\/fr\/wp-json\/wp\/v2\/pages"}],"about":[{"href":"https:\/\/viguier.com\/fr\/wp-json\/wp\/v2\/types\/page"}],"author":[{"embeddable":true,"href":"https:\/\/viguier.com\/fr\/wp-json\/wp\/v2\/users\/1"}],"replies":[{"embeddable":true,"href":"https:\/\/viguier.com\/fr\/wp-json\/wp\/v2\/comments?post=18"}],"version-history":[{"count":19,"href":"https:\/\/viguier.com\/fr\/wp-json\/wp\/v2\/pages\/18\/revisions"}],"predecessor-version":[{"id":4145,"href":"https:\/\/viguier.com\/fr\/wp-json\/wp\/v2\/pages\/18\/revisions\/4145"}],"up":[{"embeddable":true,"href":"https:\/\/viguier.com\/fr\/wp-json\/wp\/v2\/pages\/130"}],"wp:attachment":[{"href":"https:\/\/viguier.com\/fr\/wp-json\/wp\/v2\/media?parent=18"}],"curies":[{"name":"wp","href":"https:\/\/api.w.org\/{rel}","templated":true}]}}