{"id":3,"date":"2024-01-25T14:16:01","date_gmt":"2024-01-25T13:16:01","guid":{"rendered":"https:\/\/viguier.cloud\/\/?page_id=3"},"modified":"2024-02-02T14:14:40","modified_gmt":"2024-02-02T13:14:40","slug":"politique-de-confidentialite","status":"publish","type":"page","link":"https:\/\/viguier.com\/fr\/politique-de-confidentialite\/","title":{"rendered":"Mentions l\u00e9gales"},"content":{"rendered":"\n<p>En vigueur au 08\/06\/2020<\/p>\n\n\n\n<p>Conform\u00e9ment aux dispositions des Articles 6-III et 19 de la Loi n\u00b02004-575 du 21 juin 2004 pour la Confiance dans l\u2019\u00e9conomie num\u00e9rique, dite L.C.E.N., il est port\u00e9 \u00e0 la connaissance des Utilisateurs du site&nbsp;<a href=\"https:\/\/www.viguier.com\/\">www.viguier.com<\/a>&nbsp;les pr\u00e9sentes mentions l\u00e9gales.<\/p>\n\n\n\n<p>La connexion et la navigation sur le site (indiquer le nom du site) par l\u2019Utilisateur implique acceptation int\u00e9grale et sans r\u00e9serve des pr\u00e9sentes mentions l\u00e9gales.<\/p>\n\n\n\n<p>Ces derni\u00e8res sont accessibles sur le site \u00e0 la rubrique \u00abMentions l\u00e9gales\u00bb.<\/p>\n\n\n\n<p><strong>Article : L\u2019\u00e9diteur<\/strong><\/p>\n\n\n\n<p>L&rsquo;\u00e9dition du site<a href=\"https:\/\/www.viguier.com\/\">&nbsp;www.viguier.com<\/a>&nbsp;est assur\u00e9e par la Soci\u00e9t\u00e9 SAS VIGUIER au capital de 3 917 600 euros, immatricul\u00e9e au RCS de Paris sous le num\u00e9ro 520 193 947 dont le si\u00e8ge social est situ\u00e9 au 16 rue du Champ de l&rsquo;Alouette, 75013, Paris, num\u00e9ro de t\u00e9l\u00e9phone 01 44 08 62 00, adresse e-mail :&nbsp;<a href=\"mailto:accueil@viguier.com\">accueil@viguier.com<\/a>.<\/p>\n\n\n\n<p>N\u00b0 de TVA intracommunautaire :&nbsp;FR69520193947<\/p>\n\n\n\n<p>Le Directeur de la publication est Jean-Paul Viguier<\/p>\n\n\n\n<p><strong>Article 2 : L\u2019h\u00e9bergeur<\/strong><\/p>\n\n\n\n<p>L&rsquo;h\u00e9bergeur du site&nbsp;<a href=\"https:\/\/www.viguier.com\/\">www.viguier.com<\/a>&nbsp;est la Soci\u00e9t\u00e9&nbsp;<a href=\"http:\/\/aws.amazon.com\/\" target=\"_blank\" rel=\"noreferrer noopener\">Amazon Web Services<\/a>&nbsp;dont le si\u00e8ge social est situ\u00e9 au 410 Terry Avenue North P.O. Box 81226 Seattle, WA 98108-1226, USA.<\/p>\n\n\n\n<p><strong>Article 3 : Acc\u00e8s au site<\/strong><\/p>\n\n\n\n<p>Le site est accessible par tout endroit, 7j\/7, 24h\/24 sauf cas de force majeure, interruption programm\u00e9e ou non et pouvant d\u00e9coulant d\u2019une n\u00e9cessit\u00e9 de maintenance.<\/p>\n\n\n\n<p>En cas de modification, interruption ou suspension des services le site&nbsp;<a href=\"https:\/\/www.viguier.com\/\">www.viguier.com<\/a>&nbsp;ne saurait \u00eatre tenu responsable.<\/p>\n\n\n\n<p><strong>Article 4 : Collecte des donn\u00e9es<\/strong><\/p>\n\n\n\n<p>Le site est exempt\u00e9 de d\u00e9claration \u00e0 la Commission Nationale Informatique et Libert\u00e9s (CNIL) dans la mesure o\u00f9 il ne collecte aucune donn\u00e9e concernant les utilisateurs.<\/p>\n\n\n\n<p><strong>Article 5 : Cookies<\/strong><\/p>\n\n\n\n<p>L\u2019Utilisateur est inform\u00e9 que lors de ses visites sur le site, un cookie peut s\u2019installer automatiquement sur son logiciel de navigation.<\/p>\n\n\n\n<p>En naviguant sur le site, il les accepte.<\/p>\n\n\n\n<p>Un cookie est un \u00e9l\u00e9ment qui ne permet pas d\u2019identifier l\u2019Utilisateur mais sert \u00e0 enregistrer des informations relatives \u00e0 la navigation de celui-ci sur le site Internet. L\u2019Utilisateur pourra d\u00e9sactiver ce cookie par l\u2019interm\u00e9diaire des param\u00e8tres figurant au sein de son logiciel de navigation.<\/p>\n\n\n\n<p><strong>Article 6 : Propri\u00e9t\u00e9 intellectuelle<\/strong><\/p>\n\n\n\n<p>Toute utilisation, reproduction, diffusion, commercialisation, modification de toute ou partie du site&nbsp;<a href=\"https:\/\/www.viguier.com\/\">www.viguier.com<\/a>, sans autorisation de l\u2019Editeur est prohib\u00e9e et pourra entra\u00een\u00e9e des actions et poursuites judiciaires telles que notamment pr\u00e9vues par le Code de la propri\u00e9t\u00e9 intellectuelle et le Code civil.<\/p>\n\n\n\n<h2 class=\"wp-block-heading\">Cr\u00e9dits photos :<\/h2>\n\n\n\n<p><strong>Nicolas Borel&nbsp;:<\/strong><br>H\u00f4tel Sofitel Water Tower, Chicago ; Coeur D\u00e9fense ; Parc Andr\u00e9 Citro\u00ebn ; L\u2019Angle, Boulogne ; H\u00f4pital de Castres ; Extension France T\u00e9l\u00e9vision ; H\u00f4tel Casino Lucien Barri\u00e8re de Lille<br><br><strong>R\u00e9my Castan&nbsp;:<\/strong><br>Crystal et Quartz Europe \u00e0 Lille&nbsp;; Si\u00e8ge de Sodexo \u00e0 Guyancourt&nbsp;; L\u2019Angle \u00e0 Boulogne<br><br><strong>Jean-Philippe Caulliez&nbsp;:<br><\/strong>si\u00e8ge d\u2019Astra Zeneca \u00e0 Rueil Malmaison<br><br><strong>Renaud Chaignet&nbsp;:<br><\/strong>Logements le Connestable \u00e0 Grenoble<br><br><strong>St\u00e9phane Couturier&nbsp;:<br><\/strong>M\u00e9tropole 19, Paris&nbsp;; Gaz de France \u00e0 Saint- Denis<\/p>\n\n\n\n<p><strong>Alexandre Cretey-Systermans :<\/strong><\/p>\n\n\n\n<p>agence VIGUIER architecture urbanisme paysage ; portraits des associ\u00e9s<\/p>\n\n\n\n<p><br><strong>Augusto da Silva<\/strong>&nbsp;:<br>Chantier de SFR le Campus \u00e0 Saint-Denis<\/p>\n\n\n\n<p><strong>Mathieu Ducros :<\/strong><br>Institut Universitaire du Cancer Toulouse Oncopole<\/p>\n\n\n\n<p><strong>Jeff Goldberg&nbsp;\/ Esto:<br><\/strong>McNay Museum of Modern Art, San Antonio, Texas<br><br><strong>Georges Fessy&nbsp;:<br><\/strong>France T\u00e9l\u00e9vision, Paris&nbsp;; Gaz de France \u00e0 Saint-Denis&nbsp;; si\u00e8ge d\u2019Alstom \u00e0 Saint-Ouen<br><br><strong>Beno\u00eet Fougeirol&nbsp;:<br><\/strong>Logements porte d\u2019Asni\u00e8res<\/p>\n\n\n\n<p><strong>Fabrice Fouillet<\/strong><br>Muse, Metz<br><br><strong>Christian Gahl&nbsp;:<br><\/strong>\u00ab&nbsp;l\u2019Atrium&nbsp;\u00bb, Boulogne<br><br><strong>Immobilier S.A.&nbsp;:<br><\/strong>Immeuble mixte Vorosmarty, Budapest, vue a\u00e9rienne<br><br><strong>L\u2019autre Image&nbsp;:<br><\/strong>Tour Majunga, la D\u00e9fense<br><br><strong>Kamel Khalfi&nbsp;:<br><\/strong>H\u00f4tel Casino de Lille&nbsp;; Si\u00e8ge de BMS \u00e0 Rueil Malmaison<br><br><strong>Paul Kozloswki&nbsp;:<br><\/strong>R\u00e9habilitation EDF \u00e0 Lyon<\/p>\n\n\n\n<p><strong>Alban L\u00e9cuyer\/VISUELLES :<\/strong><br>SFR Le Campus<\/p>\n\n\n\n<p><strong>Stephen Lee&nbsp;:<br><\/strong>Projet Europe Avenue, Bois Colombes<br><br><strong>Yves Marchand et Romain Meffre&nbsp;:<br><\/strong>Logements rue de la Convention, Paris<\/p>\n\n\n\n<p><strong>Jean Madeyski :<\/strong><br>Tour Maroc Telecom \u00e0 Rabat<\/p>\n\n\n\n<p><strong>Paul Maurer&nbsp;:<br><\/strong>Ilot M7, Paris<br><br><strong>Christian Michel&nbsp;:<br><\/strong>Immeuble Vorosmarty, Budapest&nbsp;; Mus\u00e9um d\u2019Histoire Naturelle, Toulouse<\/p>\n\n\n\n<p><strong>Daniel Moulinet :<\/strong><br>Coeur de Quartier lot 2 \u00e0 Nanterre<br><br><strong>Javier Ortega :<br><\/strong>Chantier de l&rsquo;Institut Universitaire du Cancer<\/p>\n\n\n\n<p><strong>V\u00e9ronique Paul&nbsp;:<br><\/strong>Pavillon de la France, S\u00e9ville<\/p>\n\n\n\n<p><strong>Faly Randrianjatovo :<\/strong><br>Ecole de Madagascar<\/p>\n\n\n\n<p><strong>Philippe Ruault&nbsp;:<br><\/strong>C\u0153ur M\u00e9diterran\u00e9e, Marseille<br><br><strong>Eric Semp\u00e9&nbsp;:<br><\/strong>Prisma Presse \u00e0 Gennevilliers&nbsp;; si\u00e8ge d\u2019Eiffage Immobilier \u00e0 V\u00e9lizy ; SFR le Campus \u00e0 Saint-Denis ; Urbagreen \u00e0 Joinville<br><br><strong>Takuji Shimmura&nbsp;:<br><\/strong>Jardin du Mus\u00e9um d\u2019Histoire Naturelle de Toulouse, Maison Commune de Toulouse, Bureaux C\u0153ur Bastide \u00e0 Bordeaux, P\u00f4le de loisirs et de commerces de Lyon Confluence, H\u00f4pital du Pays d\u2019Autan \u00e0 Castres, Espace Claude Monet \u00e0 Rouen, UGC Cin\u00e9 Cit\u00e9 Paris 19, Zenora \u00e0 Issy les Moulineaux, Season \u00e0 Paris, Muse \u00e0 Metz, Banque de France \u00e0 la Courneuve, 9 rue cambon &#8211; Maison de Haute Couture \u00e0 Paris<br><br><strong>Xavier Testelin et Pierre Bourdis&nbsp;:<br><\/strong>Pont du Gard<br>&nbsp;<br><strong>Olivier Wogensky&nbsp;:<br><\/strong>M\u00e9diath\u00e8que de Reims<\/p>\n","protected":false},"excerpt":{"rendered":"<p>En vigueur au 08\/06\/2020 Conform\u00e9ment aux dispositions des Articles 6-III et 19 de la Loi n\u00b02004-575 du 21 juin 2004 pour la Confiance dans l\u2019\u00e9conomie num\u00e9rique, dite L.C.E.N., il est port\u00e9 \u00e0 la connaissance des Utilisateurs du site&nbsp;www.viguier.com&nbsp;les pr\u00e9sentes mentions l\u00e9gales. La connexion et la navigation sur le site (indiquer le nom du site) par [&hellip;]<\/p>\n","protected":false},"author":1,"featured_media":0,"parent":0,"menu_order":59,"comment_status":"closed","ping_status":"open","template":"","meta":{"_acf_changed":false,"footnotes":""},"class_list":["post-3","page","type-page","status-publish","hentry"],"acf":[],"yoast_head":"<!-- This site is optimized with the Yoast SEO plugin v27.4 - https:\/\/yoast.com\/product\/yoast-seo-wordpress\/ -->\n<title>Mentions l\u00e9gales - VIGUIER<\/title>\n<meta name=\"robots\" content=\"index, follow, max-snippet:-1, max-image-preview:large, max-video-preview:-1\" \/>\n<link rel=\"canonical\" href=\"https:\/\/viguier.com\/fr\/politique-de-confidentialite\/\" \/>\n<meta property=\"og:locale\" content=\"fr_FR\" \/>\n<meta property=\"og:type\" content=\"article\" \/>\n<meta property=\"og:title\" content=\"Mentions l\u00e9gales - VIGUIER\" \/>\n<meta property=\"og:description\" content=\"En vigueur au 08\/06\/2020 Conform\u00e9ment aux dispositions des Articles 6-III et 19 de la Loi n\u00b02004-575 du 21 juin 2004 pour la Confiance dans l\u2019\u00e9conomie num\u00e9rique, dite L.C.E.N., il est port\u00e9 \u00e0 la connaissance des Utilisateurs du site&nbsp;www.viguier.com&nbsp;les pr\u00e9sentes mentions l\u00e9gales. La connexion et la navigation sur le site (indiquer le nom du site) par [&hellip;]\" \/>\n<meta property=\"og:url\" content=\"https:\/\/viguier.com\/fr\/politique-de-confidentialite\/\" \/>\n<meta property=\"og:site_name\" content=\"VIGUIER\" \/>\n<meta property=\"article:modified_time\" content=\"2024-02-02T13:14:40+00:00\" \/>\n<meta property=\"og:image\" content=\"https:\/\/viguier.com\/wp-content\/uploads\/2024\/05\/seo_viguier.jpg\" \/>\n\t<meta property=\"og:image:width\" content=\"1200\" \/>\n\t<meta property=\"og:image:height\" content=\"675\" \/>\n\t<meta property=\"og:image:type\" content=\"image\/jpeg\" \/>\n<meta name=\"twitter:card\" content=\"summary_large_image\" \/>\n<meta name=\"twitter:label1\" content=\"Dur\u00e9e de lecture estim\u00e9e\" \/>\n\t<meta name=\"twitter:data1\" content=\"4 minutes\" \/>\n<script type=\"application\/ld+json\" class=\"yoast-schema-graph\">{\"@context\":\"https:\\\/\\\/schema.org\",\"@graph\":[{\"@type\":\"WebPage\",\"@id\":\"https:\\\/\\\/viguier.com\\\/fr\\\/politique-de-confidentialite\\\/\",\"url\":\"https:\\\/\\\/viguier.com\\\/fr\\\/politique-de-confidentialite\\\/\",\"name\":\"Mentions l\u00e9gales - VIGUIER\",\"isPartOf\":{\"@id\":\"https:\\\/\\\/viguier.com\\\/fr\\\/#website\"},\"datePublished\":\"2024-01-25T13:16:01+00:00\",\"dateModified\":\"2024-02-02T13:14:40+00:00\",\"breadcrumb\":{\"@id\":\"https:\\\/\\\/viguier.com\\\/fr\\\/politique-de-confidentialite\\\/#breadcrumb\"},\"inLanguage\":\"fr-FR\",\"potentialAction\":[{\"@type\":\"ReadAction\",\"target\":[\"https:\\\/\\\/viguier.com\\\/fr\\\/politique-de-confidentialite\\\/\"]}]},{\"@type\":\"BreadcrumbList\",\"@id\":\"https:\\\/\\\/viguier.com\\\/fr\\\/politique-de-confidentialite\\\/#breadcrumb\",\"itemListElement\":[{\"@type\":\"ListItem\",\"position\":1,\"name\":\"Accueil\",\"item\":\"https:\\\/\\\/viguier.com\\\/fr\\\/\"},{\"@type\":\"ListItem\",\"position\":2,\"name\":\"Mentions l\u00e9gales\"}]},{\"@type\":\"WebSite\",\"@id\":\"https:\\\/\\\/viguier.com\\\/fr\\\/#website\",\"url\":\"https:\\\/\\\/viguier.com\\\/fr\\\/\",\"name\":\"Viguier\",\"description\":\"Architecture, urbanisme, paysage\",\"alternateName\":\"Viguier\",\"potentialAction\":[{\"@type\":\"SearchAction\",\"target\":{\"@type\":\"EntryPoint\",\"urlTemplate\":\"https:\\\/\\\/viguier.com\\\/fr\\\/?s={search_term_string}\"},\"query-input\":{\"@type\":\"PropertyValueSpecification\",\"valueRequired\":true,\"valueName\":\"search_term_string\"}}],\"inLanguage\":\"fr-FR\"}]}<\/script>\n<!-- \/ Yoast SEO plugin. -->","yoast_head_json":{"title":"Mentions l\u00e9gales - VIGUIER","robots":{"index":"index","follow":"follow","max-snippet":"max-snippet:-1","max-image-preview":"max-image-preview:large","max-video-preview":"max-video-preview:-1"},"canonical":"https:\/\/viguier.com\/fr\/politique-de-confidentialite\/","og_locale":"fr_FR","og_type":"article","og_title":"Mentions l\u00e9gales - VIGUIER","og_description":"En vigueur au 08\/06\/2020 Conform\u00e9ment aux dispositions des Articles 6-III et 19 de la Loi n\u00b02004-575 du 21 juin 2004 pour la Confiance dans l\u2019\u00e9conomie num\u00e9rique, dite L.C.E.N., il est port\u00e9 \u00e0 la connaissance des Utilisateurs du site&nbsp;www.viguier.com&nbsp;les pr\u00e9sentes mentions l\u00e9gales. La connexion et la navigation sur le site (indiquer le nom du site) par [&hellip;]","og_url":"https:\/\/viguier.com\/fr\/politique-de-confidentialite\/","og_site_name":"VIGUIER","article_modified_time":"2024-02-02T13:14:40+00:00","og_image":[{"width":1200,"height":675,"url":"https:\/\/viguier.com\/wp-content\/uploads\/2024\/05\/seo_viguier.jpg","type":"image\/jpeg"}],"twitter_card":"summary_large_image","twitter_misc":{"Dur\u00e9e de lecture estim\u00e9e":"4 minutes"},"schema":{"@context":"https:\/\/schema.org","@graph":[{"@type":"WebPage","@id":"https:\/\/viguier.com\/fr\/politique-de-confidentialite\/","url":"https:\/\/viguier.com\/fr\/politique-de-confidentialite\/","name":"Mentions l\u00e9gales - VIGUIER","isPartOf":{"@id":"https:\/\/viguier.com\/fr\/#website"},"datePublished":"2024-01-25T13:16:01+00:00","dateModified":"2024-02-02T13:14:40+00:00","breadcrumb":{"@id":"https:\/\/viguier.com\/fr\/politique-de-confidentialite\/#breadcrumb"},"inLanguage":"fr-FR","potentialAction":[{"@type":"ReadAction","target":["https:\/\/viguier.com\/fr\/politique-de-confidentialite\/"]}]},{"@type":"BreadcrumbList","@id":"https:\/\/viguier.com\/fr\/politique-de-confidentialite\/#breadcrumb","itemListElement":[{"@type":"ListItem","position":1,"name":"Accueil","item":"https:\/\/viguier.com\/fr\/"},{"@type":"ListItem","position":2,"name":"Mentions l\u00e9gales"}]},{"@type":"WebSite","@id":"https:\/\/viguier.com\/fr\/#website","url":"https:\/\/viguier.com\/fr\/","name":"Viguier","description":"Architecture, urbanisme, paysage","alternateName":"Viguier","potentialAction":[{"@type":"SearchAction","target":{"@type":"EntryPoint","urlTemplate":"https:\/\/viguier.com\/fr\/?s={search_term_string}"},"query-input":{"@type":"PropertyValueSpecification","valueRequired":true,"valueName":"search_term_string"}}],"inLanguage":"fr-FR"}]}},"_links":{"self":[{"href":"https:\/\/viguier.com\/fr\/wp-json\/wp\/v2\/pages\/3","targetHints":{"allow":["GET"]}}],"collection":[{"href":"https:\/\/viguier.com\/fr\/wp-json\/wp\/v2\/pages"}],"about":[{"href":"https:\/\/viguier.com\/fr\/wp-json\/wp\/v2\/types\/page"}],"author":[{"embeddable":true,"href":"https:\/\/viguier.com\/fr\/wp-json\/wp\/v2\/users\/1"}],"replies":[{"embeddable":true,"href":"https:\/\/viguier.com\/fr\/wp-json\/wp\/v2\/comments?post=3"}],"version-history":[{"count":1,"href":"https:\/\/viguier.com\/fr\/wp-json\/wp\/v2\/pages\/3\/revisions"}],"predecessor-version":[{"id":63,"href":"https:\/\/viguier.com\/fr\/wp-json\/wp\/v2\/pages\/3\/revisions\/63"}],"wp:attachment":[{"href":"https:\/\/viguier.com\/fr\/wp-json\/wp\/v2\/media?parent=3"}],"curies":[{"name":"wp","href":"https:\/\/api.w.org\/{rel}","templated":true}]}}