{"id":30,"date":"2024-01-25T14:20:10","date_gmt":"2024-01-25T13:20:10","guid":{"rendered":"https:\/\/viguier.cloud\/\/?page_id=30"},"modified":"2024-02-26T10:26:38","modified_gmt":"2024-02-26T09:26:38","slug":"journal","status":"publish","type":"page","link":"https:\/\/viguier.com\/fr\/actualites\/journal\/","title":{"rendered":"Journal"},"content":{"rendered":"\n<div style=\"height:5rem\" aria-hidden=\"true\" class=\"wp-block-spacer\"><\/div>\n\n\n\n  \n<div class=\" bloc-rows  block-rows-block_c3d6a9cca3e84de2d7305395430d80ca \">\n  \n\n \n\n            <div class=\"row no-gap row-list-news-vertical\">\n                <div class=\"col-xs-12 col-md-6\">\n                <\/div>\n                <div class=\"col-xs-12 col-md-6\">\n                                                                    <div class=\"item\">\n                                                        <time datetime=\"29 mars 2021\" class=\"time\">29 mars 2021<\/time>\n                            <h2 class=\"title\">L\u2019Association BIMARCHIS reconnue par le Conseil National de l\u2019Ordre des Architectes<\/h2>\n                                                        <figure>\n                                <img loading=\"lazy\" decoding=\"async\" width=\"600\" height=\"600\" src=\"https:\/\/viguier.com\/wp-content\/uploads\/2024\/02\/BIMARCHIS-LOGO-20200213-02-09-1.png\" class=\"attachment-medium size-medium wp-post-image\" alt=\"\" srcset=\"https:\/\/viguier.com\/wp-content\/uploads\/2024\/02\/BIMARCHIS-LOGO-20200213-02-09-1.png 600w, https:\/\/viguier.com\/wp-content\/uploads\/2024\/02\/BIMARCHIS-LOGO-20200213-02-09-1-450x450.png 450w\" sizes=\"auto, (max-width: 600px) 100vw, 600px\" \/>                            <\/figure>\n                            <a class=\"link\" href=\"https:\/\/viguier.com\/fr\/actualites\/journal\/lassociation-bimarchis-reconnue-par-le-conseil-national-de-lordre-des-architectes\/\"><\/a>\n                        <\/div>\n                                                <div class=\"item\">\n                                                        <time datetime=\"21 septembre 2020\" class=\"time\">21 septembre 2020<\/time>\n                            <h2 class=\"title\">VIGUIER noue un partenariat avec SPACEMAKER AI<\/h2>\n                                                        <figure>\n                                <img loading=\"lazy\" decoding=\"async\" width=\"600\" height=\"600\" src=\"https:\/\/viguier.com\/wp-content\/uploads\/2024\/02\/Viguier_SpaceMakerAI.jpg\" class=\"attachment-medium size-medium wp-post-image\" alt=\"\" \/>                            <\/figure>\n                            <a class=\"link\" href=\"https:\/\/viguier.com\/fr\/actualites\/journal\/viguier-noue-un-partenariat-avec-spacemaker-ai\/\"><\/a>\n                        <\/div>\n                                                <div class=\"item\">\n                                                        <time datetime=\"21 septembre 2020\" class=\"time\">21 septembre 2020<\/time>\n                            <h2 class=\"title\">Hyperion dans l&rsquo;exposition immersive XXHL, giga tours et m\u00e9ga ponts, \u00e0 La Cit\u00e9 des Sciences et de l&rsquo;Industrie<\/h2>\n                                                        <figure>\n                                <img loading=\"lazy\" decoding=\"async\" width=\"600\" height=\"600\" src=\"https:\/\/viguier.com\/wp-content\/uploads\/2024\/02\/Viguier_XXHL_2020.jpg\" class=\"attachment-medium size-medium wp-post-image\" alt=\"\" \/>                            <\/figure>\n                            <a class=\"link\" href=\"https:\/\/viguier.com\/fr\/actualites\/journal\/hyperion-dans-lexposition-immersive-xxhl-giga-tours-et-mega-ponts-a-la-cite-des-sciences-et-de-lindustrie\/\"><\/a>\n                        <\/div>\n                                                <div class=\"item\">\n                                                        <time datetime=\"9 septembre 2020\" class=\"time\">9 septembre 2020<\/time>\n                            <h2 class=\"title\">Identity One nomm\u00e9 aux ADC Awards 2020<\/h2>\n                                                        <figure>\n                                <img loading=\"lazy\" decoding=\"async\" width=\"900\" height=\"600\" src=\"https:\/\/viguier.com\/wp-content\/uploads\/2024\/02\/viguier_actualite8-900x600.jpg\" class=\"attachment-medium size-medium wp-post-image\" alt=\"\" srcset=\"https:\/\/viguier.com\/wp-content\/uploads\/2024\/02\/viguier_actualite8-900x600.jpg 900w, https:\/\/viguier.com\/wp-content\/uploads\/2024\/02\/viguier_actualite8-1200x800.jpg 1200w, https:\/\/viguier.com\/wp-content\/uploads\/2024\/02\/viguier_actualite8-768x512.jpg 768w, https:\/\/viguier.com\/wp-content\/uploads\/2024\/02\/viguier_actualite8-1536x1024.jpg 1536w, https:\/\/viguier.com\/wp-content\/uploads\/2024\/02\/viguier_actualite8-2048x1365.jpg 2048w, https:\/\/viguier.com\/wp-content\/uploads\/2024\/02\/viguier_actualite8-2400x1600.jpg 2400w, https:\/\/viguier.com\/wp-content\/uploads\/2024\/02\/viguier_actualite8-scaled.jpg 2560w\" sizes=\"auto, (max-width: 900px) 100vw, 900px\" \/>                            <\/figure>\n                            <a class=\"link\" href=\"https:\/\/viguier.com\/fr\/actualites\/journal\/identity-one-nomme-aux-adc-awards-2020\/\"><\/a>\n                        <\/div>\n                                                <div class=\"item\">\n                                                        <time datetime=\"15 septembre 2020\" class=\"time\">15 septembre 2020<\/time>\n                            <h2 class=\"title\">L&rsquo;h\u00f4tel Jo&#038;Joe laur\u00e9at des MIPIM Awards 2020 !<\/h2>\n                                                        <figure>\n                                <img loading=\"lazy\" decoding=\"async\" width=\"600\" height=\"600\" src=\"https:\/\/viguier.com\/wp-content\/uploads\/2024\/02\/Viguier_JoJoe_Square.jpg\" class=\"attachment-medium size-medium wp-post-image\" alt=\"\" \/>                            <\/figure>\n                            <a class=\"link\" href=\"https:\/\/viguier.com\/fr\/actualites\/journal\/jojoe-laureat-des-mipim-awards-2020\/\"><\/a>\n                        <\/div>\n                                                            <\/div>\n            <\/div>\n               \n<\/div>\n\n","protected":false},"excerpt":{"rendered":"","protected":false},"author":1,"featured_media":0,"parent":91,"menu_order":26,"comment_status":"closed","ping_status":"closed","template":"","meta":{"_acf_changed":false,"footnotes":""},"class_list":["post-30","page","type-page","status-publish","hentry"],"acf":[],"yoast_head":"<!-- This site is optimized with the Yoast SEO plugin v27.4 - https:\/\/yoast.com\/product\/yoast-seo-wordpress\/ -->\n<title>Journal - VIGUIER<\/title>\n<meta name=\"robots\" content=\"index, follow, max-snippet:-1, max-image-preview:large, max-video-preview:-1\" \/>\n<link rel=\"canonical\" href=\"https:\/\/viguier.com\/fr\/actualites\/journal\/\" \/>\n<meta property=\"og:locale\" content=\"fr_FR\" \/>\n<meta property=\"og:type\" content=\"article\" \/>\n<meta property=\"og:title\" content=\"Journal - VIGUIER\" \/>\n<meta property=\"og:url\" content=\"https:\/\/viguier.com\/fr\/actualites\/journal\/\" \/>\n<meta property=\"og:site_name\" content=\"VIGUIER\" \/>\n<meta property=\"article:modified_time\" content=\"2024-02-26T09:26:38+00:00\" \/>\n<meta property=\"og:image\" content=\"https:\/\/viguier.com\/wp-content\/uploads\/2024\/05\/seo_viguier.jpg\" \/>\n\t<meta property=\"og:image:width\" content=\"1200\" \/>\n\t<meta property=\"og:image:height\" content=\"675\" \/>\n\t<meta property=\"og:image:type\" content=\"image\/jpeg\" \/>\n<meta name=\"twitter:card\" content=\"summary_large_image\" \/>\n<script type=\"application\/ld+json\" class=\"yoast-schema-graph\">{\"@context\":\"https:\\\/\\\/schema.org\",\"@graph\":[{\"@type\":\"WebPage\",\"@id\":\"https:\\\/\\\/viguier.com\\\/fr\\\/actualites\\\/journal\\\/\",\"url\":\"https:\\\/\\\/viguier.com\\\/fr\\\/actualites\\\/journal\\\/\",\"name\":\"Journal - VIGUIER\",\"isPartOf\":{\"@id\":\"https:\\\/\\\/viguier.com\\\/fr\\\/#website\"},\"datePublished\":\"2024-01-25T13:20:10+00:00\",\"dateModified\":\"2024-02-26T09:26:38+00:00\",\"breadcrumb\":{\"@id\":\"https:\\\/\\\/viguier.com\\\/fr\\\/actualites\\\/journal\\\/#breadcrumb\"},\"inLanguage\":\"fr-FR\",\"potentialAction\":[{\"@type\":\"ReadAction\",\"target\":[\"https:\\\/\\\/viguier.com\\\/fr\\\/actualites\\\/journal\\\/\"]}]},{\"@type\":\"BreadcrumbList\",\"@id\":\"https:\\\/\\\/viguier.com\\\/fr\\\/actualites\\\/journal\\\/#breadcrumb\",\"itemListElement\":[{\"@type\":\"ListItem\",\"position\":1,\"name\":\"Accueil\",\"item\":\"https:\\\/\\\/viguier.com\\\/fr\\\/\"},{\"@type\":\"ListItem\",\"position\":2,\"name\":\"Actualit\u00e9s\",\"item\":\"https:\\\/\\\/viguier.com\\\/fr\\\/actualites\\\/\"},{\"@type\":\"ListItem\",\"position\":3,\"name\":\"Journal\"}]},{\"@type\":\"WebSite\",\"@id\":\"https:\\\/\\\/viguier.com\\\/fr\\\/#website\",\"url\":\"https:\\\/\\\/viguier.com\\\/fr\\\/\",\"name\":\"Viguier\",\"description\":\"Architecture, urbanisme, paysage\",\"alternateName\":\"Viguier\",\"potentialAction\":[{\"@type\":\"SearchAction\",\"target\":{\"@type\":\"EntryPoint\",\"urlTemplate\":\"https:\\\/\\\/viguier.com\\\/fr\\\/?s={search_term_string}\"},\"query-input\":{\"@type\":\"PropertyValueSpecification\",\"valueRequired\":true,\"valueName\":\"search_term_string\"}}],\"inLanguage\":\"fr-FR\"}]}<\/script>\n<!-- \/ Yoast SEO plugin. -->","yoast_head_json":{"title":"Journal - VIGUIER","robots":{"index":"index","follow":"follow","max-snippet":"max-snippet:-1","max-image-preview":"max-image-preview:large","max-video-preview":"max-video-preview:-1"},"canonical":"https:\/\/viguier.com\/fr\/actualites\/journal\/","og_locale":"fr_FR","og_type":"article","og_title":"Journal - VIGUIER","og_url":"https:\/\/viguier.com\/fr\/actualites\/journal\/","og_site_name":"VIGUIER","article_modified_time":"2024-02-26T09:26:38+00:00","og_image":[{"width":1200,"height":675,"url":"https:\/\/viguier.com\/wp-content\/uploads\/2024\/05\/seo_viguier.jpg","type":"image\/jpeg"}],"twitter_card":"summary_large_image","schema":{"@context":"https:\/\/schema.org","@graph":[{"@type":"WebPage","@id":"https:\/\/viguier.com\/fr\/actualites\/journal\/","url":"https:\/\/viguier.com\/fr\/actualites\/journal\/","name":"Journal - VIGUIER","isPartOf":{"@id":"https:\/\/viguier.com\/fr\/#website"},"datePublished":"2024-01-25T13:20:10+00:00","dateModified":"2024-02-26T09:26:38+00:00","breadcrumb":{"@id":"https:\/\/viguier.com\/fr\/actualites\/journal\/#breadcrumb"},"inLanguage":"fr-FR","potentialAction":[{"@type":"ReadAction","target":["https:\/\/viguier.com\/fr\/actualites\/journal\/"]}]},{"@type":"BreadcrumbList","@id":"https:\/\/viguier.com\/fr\/actualites\/journal\/#breadcrumb","itemListElement":[{"@type":"ListItem","position":1,"name":"Accueil","item":"https:\/\/viguier.com\/fr\/"},{"@type":"ListItem","position":2,"name":"Actualit\u00e9s","item":"https:\/\/viguier.com\/fr\/actualites\/"},{"@type":"ListItem","position":3,"name":"Journal"}]},{"@type":"WebSite","@id":"https:\/\/viguier.com\/fr\/#website","url":"https:\/\/viguier.com\/fr\/","name":"Viguier","description":"Architecture, urbanisme, paysage","alternateName":"Viguier","potentialAction":[{"@type":"SearchAction","target":{"@type":"EntryPoint","urlTemplate":"https:\/\/viguier.com\/fr\/?s={search_term_string}"},"query-input":{"@type":"PropertyValueSpecification","valueRequired":true,"valueName":"search_term_string"}}],"inLanguage":"fr-FR"}]}},"_links":{"self":[{"href":"https:\/\/viguier.com\/fr\/wp-json\/wp\/v2\/pages\/30","targetHints":{"allow":["GET"]}}],"collection":[{"href":"https:\/\/viguier.com\/fr\/wp-json\/wp\/v2\/pages"}],"about":[{"href":"https:\/\/viguier.com\/fr\/wp-json\/wp\/v2\/types\/page"}],"author":[{"embeddable":true,"href":"https:\/\/viguier.com\/fr\/wp-json\/wp\/v2\/users\/1"}],"replies":[{"embeddable":true,"href":"https:\/\/viguier.com\/fr\/wp-json\/wp\/v2\/comments?post=30"}],"version-history":[{"count":9,"href":"https:\/\/viguier.com\/fr\/wp-json\/wp\/v2\/pages\/30\/revisions"}],"predecessor-version":[{"id":833,"href":"https:\/\/viguier.com\/fr\/wp-json\/wp\/v2\/pages\/30\/revisions\/833"}],"up":[{"embeddable":true,"href":"https:\/\/viguier.com\/fr\/wp-json\/wp\/v2\/pages\/91"}],"wp:attachment":[{"href":"https:\/\/viguier.com\/fr\/wp-json\/wp\/v2\/media?parent=30"}],"curies":[{"name":"wp","href":"https:\/\/api.w.org\/{rel}","templated":true}]}}